{"id":101526,"date":"2023-09-21T09:12:48","date_gmt":"2023-09-21T07:12:48","guid":{"rendered":"https:\/\/zam.novoterm.pl\/index.php\/produkt\/gorna-zaslepka-profilu-sciennego-do-kabiny-natryskowej-kerra-line-techno\/"},"modified":"2026-04-08T01:30:36","modified_gmt":"2026-04-07T23:30:36","slug":"gorna-zaslepka-profilu-sciennego-do-kabiny-natryskowej-kerra-line-techno","status":"publish","type":"product","link":"https:\/\/zam.novoterm.pl\/index.php\/produkt\/gorna-zaslepka-profilu-sciennego-do-kabiny-natryskowej-kerra-line-techno\/","title":{"rendered":"g\u00f3rna za\u015blepka profilu \u015bciennego do kabiny natryskowej Kerra &#8222;Line\/Techno&#8221;"},"content":{"rendered":"","protected":false},"excerpt":{"rendered":"","protected":false},"featured_media":130771,"comment_status":"closed","ping_status":"open","template":"","meta":[],"product_cat":[728,737],"product_tag":[],"_links":{"self":[{"href":"https:\/\/zam.novoterm.pl\/index.php\/wp-json\/wp\/v2\/product\/101526"}],"collection":[{"href":"https:\/\/zam.novoterm.pl\/index.php\/wp-json\/wp\/v2\/product"}],"about":[{"href":"https:\/\/zam.novoterm.pl\/index.php\/wp-json\/wp\/v2\/types\/product"}],"replies":[{"embeddable":true,"href":"https:\/\/zam.novoterm.pl\/index.php\/wp-json\/wp\/v2\/comments?post=101526"}],"wp:featuredmedia":[{"embeddable":true,"href":"https:\/\/zam.novoterm.pl\/index.php\/wp-json\/wp\/v2\/media\/130771"}],"wp:attachment":[{"href":"https:\/\/zam.novoterm.pl\/index.php\/wp-json\/wp\/v2\/media?parent=101526"}],"wp:term":[{"taxonomy":"product_cat","embeddable":true,"href":"https:\/\/zam.novoterm.pl\/index.php\/wp-json\/wp\/v2\/product_cat?post=101526"},{"taxonomy":"product_tag","embeddable":true,"href":"https:\/\/zam.novoterm.pl\/index.php\/wp-json\/wp\/v2\/product_tag?post=101526"}],"curies":[{"name":"wp","href":"https:\/\/api.w.org\/{rel}","templated":true}]}}